{"id":3165,"date":"2022-12-26T23:24:23","date_gmt":"2022-12-26T22:24:23","guid":{"rendered":"https:\/\/maywinkelmann.com\/boligteksten\/?page_id=3165"},"modified":"2025-10-18T02:55:55","modified_gmt":"2025-10-18T00:55:55","slug":"boligtekster-3","status":"publish","type":"page","link":"https:\/\/maywinkelmann.com\/boligteksten\/","title":{"rendered":"BOLIGTEKSTEN"},"content":{"rendered":"<div id=\"pl-3165\"  class=\"panel-layout\" ><div id=\"pg-3165-0\"  class=\"panel-grid panel-no-style\" ><div id=\"pgc-3165-0-0\"  class=\"panel-grid-cell\" ><div id=\"panel-3165-0-0-0\" class=\"so-panel widget widget_sow-editor panel-first-child panel-last-child\" data-index=\"0\" ><div class=\"panel-widget-style panel-widget-style-for-3165-0-0-0\" ><div\n\t\t\t\n\t\t\tclass=\"so-widget-sow-editor so-widget-sow-editor-base\"\n\t\t\t\n\t\t>\n<div class=\"siteorigin-widget-tinymce textwidget\">\n\t<div class=\"n2_ss_slider_publish__option_code\" dir=\"ltr\" data-mode=\"id\"><\/div>\n<\/div>\n<\/div><\/div><\/div><\/div><\/div><div id=\"pg-3165-1\"  class=\"panel-grid panel-has-style\" ><div class=\"siteorigin-panels-stretch panel-row-style panel-row-style-for-3165-1\" data-stretch-type=\"full-width-stretch\" ><div id=\"pgc-3165-1-0\"  class=\"panel-grid-cell\" ><div id=\"panel-3165-1-0-0\" class=\"so-panel widget widget_sow-editor panel-first-child panel-last-child\" data-index=\"1\" ><div id=\"Start\" class=\"panel-widget-style panel-widget-style-for-3165-1-0-0\" ><div\n\t\t\t\n\t\t\tclass=\"so-widget-sow-editor so-widget-sow-editor-base\"\n\t\t\t\n\t\t>\n<div class=\"siteorigin-widget-tinymce textwidget\">\n\t<div class=\"n2_ss_slider_publish__option_code\" dir=\"ltr\" data-mode=\"id\"><\/div>\n<\/div>\n<\/div><\/div><\/div><\/div><\/div><\/div><div id=\"pg-3165-2\"  class=\"panel-grid panel-has-style\" ><div class=\"siteorigin-panels-stretch panel-row-style panel-row-style-for-3165-2\" data-stretch-type=\"full-width-stretch\" ><div id=\"pgc-3165-2-0\"  class=\"panel-grid-cell\" ><div id=\"panel-3165-2-0-0\" class=\"so-panel widget widget_sow-editor panel-first-child panel-last-child\" data-index=\"2\" ><div id=\"Teksteksempler\" class=\"panel-widget-style panel-widget-style-for-3165-2-0-0\" ><div\n\t\t\t\n\t\t\tclass=\"so-widget-sow-editor so-widget-sow-editor-base\"\n\t\t\t\n\t\t>\n<div class=\"siteorigin-widget-tinymce textwidget\">\n\t<div class=\"n2_ss_slider_publish__option_code\" dir=\"ltr\" data-mode=\"id\"><\/div>\n<\/div>\n<\/div><\/div><\/div><\/div><\/div><\/div><div id=\"pg-3165-3\"  class=\"panel-grid panel-has-style\" ><div class=\"siteorigin-panels-stretch panel-row-style panel-row-style-for-3165-3\" data-stretch-type=\"full-width-stretch\" ><div id=\"pgc-3165-3-0\"  class=\"panel-grid-cell\" ><div id=\"panel-3165-3-0-0\" class=\"so-panel widget widget_sow-editor panel-first-child panel-last-child\" data-index=\"3\" ><div\n\t\t\t\n\t\t\tclass=\"so-widget-sow-editor so-widget-sow-editor-base\"\n\t\t\t\n\t\t>\n<div class=\"siteorigin-widget-tinymce textwidget\">\n\t<div class=\"n2_ss_slider_publish__option_code\" dir=\"ltr\" data-mode=\"id\"><\/div>\n<\/div>\n<\/div><\/div><\/div><\/div><\/div><div id=\"pg-3165-4\"  class=\"panel-grid panel-has-style\" ><div class=\"siteorigin-panels-stretch panel-row-style panel-row-style-for-3165-4\" data-stretch-type=\"full-width-stretch\" ><div id=\"pgc-3165-4-0\"  class=\"panel-grid-cell\" ><div id=\"panel-3165-4-0-0\" class=\"so-panel widget widget_sow-editor panel-first-child panel-last-child\" data-index=\"4\" ><div\n\t\t\t\n\t\t\tclass=\"so-widget-sow-editor so-widget-sow-editor-base\"\n\t\t\t\n\t\t>\n<div class=\"siteorigin-widget-tinymce textwidget\">\n\t<p><img decoding=\"async\" class=\"aligncenter wp-image-62 size-large lazyload\" data-src=\"https:\/\/maywinkelmann.com\/boligteksten\/wp-content\/uploads\/2021\/10\/Photo-by-Shane-Rounce-on-Unsplash-2-scaled-e1633429193649-1024x333.jpg\" alt=\"foto til boligtekster\" width=\"1024\" height=\"333\" data-srcset=\"https:\/\/maywinkelmann.com\/boligteksten\/wp-content\/uploads\/2021\/10\/Photo-by-Shane-Rounce-on-Unsplash-2-scaled-e1633429193649-1024x333.jpg 1024w, https:\/\/maywinkelmann.com\/boligteksten\/wp-content\/uploads\/2021\/10\/Photo-by-Shane-Rounce-on-Unsplash-2-scaled-e1633429193649-300x98.jpg 300w, https:\/\/maywinkelmann.com\/boligteksten\/wp-content\/uploads\/2021\/10\/Photo-by-Shane-Rounce-on-Unsplash-2-scaled-e1633429193649-768x250.jpg 768w, https:\/\/maywinkelmann.com\/boligteksten\/wp-content\/uploads\/2021\/10\/Photo-by-Shane-Rounce-on-Unsplash-2-scaled-e1633429193649-1536x499.jpg 1536w, https:\/\/maywinkelmann.com\/boligteksten\/wp-content\/uploads\/2021\/10\/Photo-by-Shane-Rounce-on-Unsplash-2-scaled-e1633429193649-2048x666.jpg 2048w, https:\/\/maywinkelmann.com\/boligteksten\/wp-content\/uploads\/2021\/10\/Photo-by-Shane-Rounce-on-Unsplash-2-scaled-e1633429193649-1920x624.jpg 1920w\" data-sizes=\"(max-width: 1024px) 100vw, 1024px\" src=\"data:image\/svg+xml;base64,PHN2ZyB3aWR0aD0iMSIgaGVpZ2h0PSIxIiB4bWxucz0iaHR0cDovL3d3dy53My5vcmcvMjAwMC9zdmciPjwvc3ZnPg==\" style=\"--smush-placeholder-width: 1024px; --smush-placeholder-aspect-ratio: 1024\/333;\" \/><\/p>\n<\/div>\n<\/div><\/div><\/div><div id=\"pgc-3165-4-1\"  class=\"panel-grid-cell\" ><div id=\"panel-3165-4-1-0\" class=\"so-panel widget widget_sow-editor panel-first-child panel-last-child\" data-index=\"5\" ><div\n\t\t\t\n\t\t\tclass=\"so-widget-sow-editor so-widget-sow-editor-base\"\n\t\t\t\n\t\t>\n<div class=\"siteorigin-widget-tinymce textwidget\">\n\t<p><img decoding=\"async\" class=\"wp-image-63 size-large aligncenter lazyload\" data-src=\"https:\/\/maywinkelmann.com\/boligteksten\/wp-content\/uploads\/2021\/10\/Photo-by-Svetlana-Gumerova-on-Unsplash-3-scaled-e1633429300355-1024x333.jpg\" alt=\"foto til boligtekster\" width=\"1024\" height=\"333\" data-srcset=\"https:\/\/maywinkelmann.com\/boligteksten\/wp-content\/uploads\/2021\/10\/Photo-by-Svetlana-Gumerova-on-Unsplash-3-scaled-e1633429300355-1024x333.jpg 1024w, https:\/\/maywinkelmann.com\/boligteksten\/wp-content\/uploads\/2021\/10\/Photo-by-Svetlana-Gumerova-on-Unsplash-3-scaled-e1633429300355-300x98.jpg 300w, https:\/\/maywinkelmann.com\/boligteksten\/wp-content\/uploads\/2021\/10\/Photo-by-Svetlana-Gumerova-on-Unsplash-3-scaled-e1633429300355-768x250.jpg 768w, https:\/\/maywinkelmann.com\/boligteksten\/wp-content\/uploads\/2021\/10\/Photo-by-Svetlana-Gumerova-on-Unsplash-3-scaled-e1633429300355-1536x499.jpg 1536w, https:\/\/maywinkelmann.com\/boligteksten\/wp-content\/uploads\/2021\/10\/Photo-by-Svetlana-Gumerova-on-Unsplash-3-scaled-e1633429300355-2048x666.jpg 2048w, https:\/\/maywinkelmann.com\/boligteksten\/wp-content\/uploads\/2021\/10\/Photo-by-Svetlana-Gumerova-on-Unsplash-3-scaled-e1633429300355-1920x624.jpg 1920w\" data-sizes=\"(max-width: 1024px) 100vw, 1024px\" src=\"data:image\/svg+xml;base64,PHN2ZyB3aWR0aD0iMSIgaGVpZ2h0PSIxIiB4bWxucz0iaHR0cDovL3d3dy53My5vcmcvMjAwMC9zdmciPjwvc3ZnPg==\" style=\"--smush-placeholder-width: 1024px; --smush-placeholder-aspect-ratio: 1024\/333;\" \/><\/p>\n<\/div>\n<\/div><\/div><\/div><\/div><\/div><div id=\"pg-3165-5\"  class=\"panel-grid panel-has-style\" ><div class=\"siteorigin-panels-stretch panel-row-style panel-row-style-for-3165-5\" data-stretch-type=\"full-width-stretch\" ><div id=\"pgc-3165-5-0\"  class=\"panel-grid-cell\" ><div id=\"panel-3165-5-0-0\" class=\"so-panel widget widget_sow-editor panel-first-child panel-last-child\" data-index=\"6\" ><div class=\"panel-widget-style panel-widget-style-for-3165-5-0-0\" ><div\n\t\t\t\n\t\t\tclass=\"so-widget-sow-editor so-widget-sow-editor-base\"\n\t\t\t\n\t\t>\n<div class=\"siteorigin-widget-tinymce textwidget\">\n\t<p style=\"text-align: right;\"><span style=\"font-size: 10px;\">Foto: <a href=\"https:\/\/unsplash.com\/@shanerounce?utm_source=unsplash&amp;utm_medium=referral&amp;utm_content=creditCopyText\" target=\"_blank\" rel=\"noopener\">Shane Rounce<\/a> og <a href=\"https:\/\/unsplash.com\/@bananablackcat?utm_source=unsplash&amp;utm_medium=referral&amp;utm_content=creditCopyText\" target=\"_blank\" rel=\"noopener\">Svetlana Gumerova<\/a><\/span><\/p>\n<\/div>\n<\/div><\/div><\/div><\/div><\/div><\/div><div id=\"pg-3165-6\"  class=\"panel-grid panel-has-style\" ><div class=\"siteorigin-panels-stretch panel-row-style panel-row-style-for-3165-6\" data-stretch-type=\"full-width-stretch\" ><div id=\"pgc-3165-6-0\"  class=\"panel-grid-cell\" ><div id=\"panel-3165-6-0-0\" class=\"so-panel widget widget_sow-editor panel-first-child panel-last-child\" data-index=\"7\" ><div id=\"Priser\" class=\"panel-widget-style panel-widget-style-for-3165-6-0-0\" ><div\n\t\t\t\n\t\t\tclass=\"so-widget-sow-editor so-widget-sow-editor-base\"\n\t\t\t\n\t\t>\n<div class=\"siteorigin-widget-tinymce textwidget\">\n\t<div class=\"n2_ss_slider_publish__option_code\" dir=\"ltr\" data-mode=\"id\">\n<div class=\"n2_ss_slider_publish__option_code\" dir=\"ltr\" data-mode=\"id\"><\/div>\n<\/div>\n<\/div>\n<\/div><\/div><\/div><\/div><\/div><\/div><div id=\"pg-3165-7\"  class=\"panel-grid panel-has-style\" ><div class=\"siteorigin-panels-stretch panel-row-style panel-row-style-for-3165-7\" data-stretch-type=\"full-width-stretch\" ><div id=\"pgc-3165-7-0\"  class=\"panel-grid-cell\" ><div id=\"panel-3165-7-0-0\" class=\"so-panel widget widget_sow-editor panel-first-child panel-last-child\" data-index=\"8\" ><div id=\"OmMig\" class=\"panel-widget-style panel-widget-style-for-3165-7-0-0\" ><div\n\t\t\t\n\t\t\tclass=\"so-widget-sow-editor so-widget-sow-editor-base\"\n\t\t\t\n\t\t>\n<div class=\"siteorigin-widget-tinymce textwidget\">\n\t<div class=\"n2_ss_slider_publish__option_code\" dir=\"ltr\" data-mode=\"id\">\n<h2><strong><span style=\"color: #ffffff; font-size: 27pt;\">KORT OM MIG<\/span><\/strong><\/h2>\n<p>Jeg har arbejdet professionelt med boligtekster siden 2016, og med baggrund i min uddannelse som arkitekt er jeg vant til at s\u00e6tte ord p\u00e5 en boligs kvaliteter \u2013 b\u00e5de \u00e6stetisk, byggeteknisk og ikke mindst funktionelt.<\/p>\n<p>Jeg startede BOLIGTEKSTEN i Barcelona, oktober 2021.<br \/>\nI 2014\u00a0 tog jeg p\u00e5 en verdensrejse, men kom aldrig l\u00e6ngere end til Barcelona, og forelskede mig hovedkuls i byen. Jeg solgte lejligheden p\u00e5 \u00d8sterbro i 2015 og valgte at sl\u00e5 mig ned i byen, og jeg fortr\u00f8d ikke et \u00f8jeblik.<br \/>\nAf forskellige \u00e5rsager er jeg nu tilbage i Danmark. Jeg arbejder fra K\u00f8benhavn \u2013 det er her, boligteksterne bliver til, og det er her, jeg nu har mit liv.<\/p>\n<p>Som sagt er jeg uddannet arkitekt og har arbejdet med b\u00e5de arkitektur, teater, ballet, TV og film. Derudover elsker jeg at fotografere de steder og det liv, der udfolder sig omkring mig.<\/p>\n<p>For\u00f8vrigt \u2013 mit navn er May Winkelmann, og du kan l\u00e6se mere om mig <a href=\"https:\/\/maywinkelmann.com\" target=\"_blank\" rel=\"noopener\">her...<\/a><\/p>\n<p><a href=\"https:\/\/maywinkelmann.com\" target=\"_blank\" rel=\"noopener\"><img decoding=\"async\" class=\"size-medium wp-image-716 alignright lazyload\" data-src=\"https:\/\/maywinkelmann.com\/boligteksten\/wp-content\/uploads\/2021\/10\/May-rund-300x300.png\" alt=\"foto til boligtekster\" width=\"300\" height=\"300\" data-srcset=\"https:\/\/maywinkelmann.com\/boligteksten\/wp-content\/uploads\/2021\/10\/May-rund-300x300.png 300w, https:\/\/maywinkelmann.com\/boligteksten\/wp-content\/uploads\/2021\/10\/May-rund-150x150.png 150w, https:\/\/maywinkelmann.com\/boligteksten\/wp-content\/uploads\/2021\/10\/May-rund-768x766.png 768w, https:\/\/maywinkelmann.com\/boligteksten\/wp-content\/uploads\/2021\/10\/May-rund.png 789w\" data-sizes=\"(max-width: 300px) 100vw, 300px\" src=\"data:image\/svg+xml;base64,PHN2ZyB3aWR0aD0iMSIgaGVpZ2h0PSIxIiB4bWxucz0iaHR0cDovL3d3dy53My5vcmcvMjAwMC9zdmciPjwvc3ZnPg==\" style=\"--smush-placeholder-width: 300px; --smush-placeholder-aspect-ratio: 300\/300;\" \/><\/a><\/p>\n<p>&nbsp;<\/p>\n<\/div>\n<\/div>\n<\/div><\/div><\/div><\/div><\/div><\/div><div id=\"pg-3165-8\"  class=\"panel-grid panel-has-style\" ><div class=\"siteorigin-panels-stretch panel-row-style panel-row-style-for-3165-8\" data-stretch-type=\"full-width-stretch\" ><div id=\"pgc-3165-8-0\"  class=\"panel-grid-cell\" ><div id=\"panel-3165-8-0-0\" class=\"so-panel widget widget_sow-editor panel-first-child panel-last-child\" data-index=\"9\" ><div class=\"panel-widget-style panel-widget-style-for-3165-8-0-0\" ><div\n\t\t\t\n\t\t\tclass=\"so-widget-sow-editor so-widget-sow-editor-base\"\n\t\t\t\n\t\t>\n<div class=\"siteorigin-widget-tinymce textwidget\">\n\t\n<\/div>\n<\/div><\/div><\/div><\/div><div id=\"pgc-3165-8-1\"  class=\"panel-grid-cell\" ><div id=\"panel-3165-8-1-0\" class=\"so-panel widget widget_sow-editor panel-first-child panel-last-child\" data-index=\"10\" ><div id=\"Kontakt\" class=\"panel-widget-style panel-widget-style-for-3165-8-1-0\" ><div\n\t\t\t\n\t\t\tclass=\"so-widget-sow-editor so-widget-sow-editor-base\"\n\t\t\t\n\t\t>\n<div class=\"siteorigin-widget-tinymce textwidget\">\n\t<h2><strong><span style=\"font-size: 27pt;\">KONTAKT<\/span><\/strong><\/h2>\n<p><b>BOLIG<\/b>TEKSTEN holder pause indtil videre.<br \/>\nDu er altid velkommen til at skrive, hvis du har sp\u00f8rgsm\u00e5l.<\/p>\n<p>EMAIL<br \/>\n<a href=\"mailto:boligteksten@maywinkelmann.com\">boligteksten@maywinkelmann.com<\/a><\/p>\n<\/div>\n<\/div><\/div><\/div><\/div><\/div><\/div><\/div>","protected":false},"excerpt":{"rendered":"<p>Foto: Shane Rounce og Svetlana Gumerova KORT OM MIG Jeg har arbejdet professionelt med boligtekster siden 2016, og med baggrund i min uddannelse som arkitekt er jeg vant til at [&hellip;]<\/p>\n","protected":false},"author":2,"featured_media":4067,"parent":0,"menu_order":0,"comment_status":"closed","ping_status":"closed","template":"","meta":{"footnotes":""},"class_list":["post-3165","page","type-page","status-publish","has-post-thumbnail","hentry"],"yoast_head":"<!-- This site is optimized with the Yoast SEO plugin v26.1.1 - https:\/\/yoast.com\/wordpress\/plugins\/seo\/ -->\n<title>Boligtekster, der giver lige d\u00e9t ekstra til dit salg - BOLIGTEKSTEN<\/title>\n<meta name=\"description\" content=\"BOLIGTEKSTEN - Letl\u00e6selige og velskrevne boligtekster binder din boligannonce sammen, s\u00e5 den er overskuelig og informativ. Priser fra 480,-.\" \/>\n<meta name=\"robots\" content=\"index, follow, max-snippet:-1, max-image-preview:large, max-video-preview:-1\" \/>\n<link rel=\"canonical\" href=\"https:\/\/maywinkelmann.com\/boligteksten\/\" \/>\n<meta property=\"og:locale\" content=\"da_DK\" \/>\n<meta property=\"og:type\" content=\"article\" \/>\n<meta property=\"og:title\" content=\"Boligtekster, der giver lige d\u00e9t ekstra til dit salg - BOLIGTEKSTEN\" \/>\n<meta property=\"og:description\" content=\"Letl\u00e6selige og velskrevne boligtekster binder din boligannonce sammen, s\u00e5 den er overskuelig, sammenh\u00e6ngende og informativ. Priser fra 480,-.\" \/>\n<meta property=\"og:url\" content=\"https:\/\/maywinkelmann.com\/boligteksten\/\" \/>\n<meta property=\"og:site_name\" content=\"BOLIGTEKSTEN\" \/>\n<meta property=\"article:publisher\" content=\"https:\/\/www.facebook.com\/may.winkelmann\/\" \/>\n<meta property=\"article:modified_time\" content=\"2025-10-18T00:55:55+00:00\" \/>\n<meta property=\"og:image\" content=\"https:\/\/maywinkelmann.com\/boligteksten\/wp-content\/uploads\/2022\/05\/cropped-Group-7.png\" \/>\n\t<meta property=\"og:image:width\" content=\"1773\" \/>\n\t<meta property=\"og:image:height\" content=\"331\" \/>\n\t<meta property=\"og:image:type\" content=\"image\/png\" \/>\n<meta name=\"twitter:card\" content=\"summary_large_image\" \/>\n<meta name=\"twitter:title\" content=\"Boligtekster, der giver lige d\u00e9t ekstra til dit salg - BOLIGTEKSTEN\" \/>\n<meta name=\"twitter:description\" content=\"Letl\u00e6selige og velskrevne boligtekster binder din boligannonce sammen, s\u00e5 den er overskuelig, sammenh\u00e6ngende og informativ. Priser fra 480,-.\" \/>\n<meta name=\"twitter:image\" content=\"https:\/\/maywinkelmann.com\/boligteksten\/wp-content\/uploads\/2022\/05\/cropped-Group-7.png\" \/>\n<meta name=\"twitter:label1\" content=\"Estimeret l\u00e6setid\" \/>\n\t<meta name=\"twitter:data1\" content=\"5 minutter\" \/>\n<script type=\"application\/ld+json\" class=\"yoast-schema-graph\">{\"@context\":\"https:\/\/schema.org\",\"@graph\":[{\"@type\":\"WebPage\",\"@id\":\"https:\/\/maywinkelmann.com\/boligteksten\/\",\"url\":\"https:\/\/maywinkelmann.com\/boligteksten\/\",\"name\":\"Boligtekster, der giver lige d\u00e9t ekstra til dit salg - BOLIGTEKSTEN\",\"isPartOf\":{\"@id\":\"https:\/\/maywinkelmann.com\/boligteksten\/#website\"},\"primaryImageOfPage\":{\"@id\":\"https:\/\/maywinkelmann.com\/boligteksten\/#primaryimage\"},\"image\":{\"@id\":\"https:\/\/maywinkelmann.com\/boligteksten\/#primaryimage\"},\"thumbnailUrl\":\"https:\/\/maywinkelmann.com\/boligteksten\/wp-content\/uploads\/2023\/03\/Boligtekster.png\",\"datePublished\":\"2022-12-26T22:24:23+00:00\",\"dateModified\":\"2025-10-18T00:55:55+00:00\",\"description\":\"BOLIGTEKSTEN - Letl\u00e6selige og velskrevne boligtekster binder din boligannonce sammen, s\u00e5 den er overskuelig og informativ. Priser fra 480,-.\",\"breadcrumb\":{\"@id\":\"https:\/\/maywinkelmann.com\/boligteksten\/#breadcrumb\"},\"inLanguage\":\"da-DK\",\"potentialAction\":[{\"@type\":\"ReadAction\",\"target\":[\"https:\/\/maywinkelmann.com\/boligteksten\/\"]}]},{\"@type\":\"ImageObject\",\"inLanguage\":\"da-DK\",\"@id\":\"https:\/\/maywinkelmann.com\/boligteksten\/#primaryimage\",\"url\":\"https:\/\/maywinkelmann.com\/boligteksten\/wp-content\/uploads\/2023\/03\/Boligtekster.png\",\"contentUrl\":\"https:\/\/maywinkelmann.com\/boligteksten\/wp-content\/uploads\/2023\/03\/Boligtekster.png\",\"width\":300,\"height\":300},{\"@type\":\"BreadcrumbList\",\"@id\":\"https:\/\/maywinkelmann.com\/boligteksten\/#breadcrumb\",\"itemListElement\":[{\"@type\":\"ListItem\",\"position\":1,\"name\":\"Hjem\",\"item\":\"https:\/\/maywinkelmann.com\/boligteksten\/\"},{\"@type\":\"ListItem\",\"position\":2,\"name\":\"BOLIGTEKSTEN\"}]},{\"@type\":\"WebSite\",\"@id\":\"https:\/\/maywinkelmann.com\/boligteksten\/#website\",\"url\":\"https:\/\/maywinkelmann.com\/boligteksten\/\",\"name\":\"BOLIGTEKSTEN\",\"description\":\"- giver lige d\u00e9t ekstra til dit salg\",\"publisher\":{\"@id\":\"https:\/\/maywinkelmann.com\/boligteksten\/#organization\"},\"potentialAction\":[{\"@type\":\"SearchAction\",\"target\":{\"@type\":\"EntryPoint\",\"urlTemplate\":\"https:\/\/maywinkelmann.com\/boligteksten\/?s={search_term_string}\"},\"query-input\":{\"@type\":\"PropertyValueSpecification\",\"valueRequired\":true,\"valueName\":\"search_term_string\"}}],\"inLanguage\":\"da-DK\"},{\"@type\":\"Organization\",\"@id\":\"https:\/\/maywinkelmann.com\/boligteksten\/#organization\",\"name\":\"Boligteksten\",\"url\":\"https:\/\/maywinkelmann.com\/boligteksten\/\",\"logo\":{\"@type\":\"ImageObject\",\"inLanguage\":\"da-DK\",\"@id\":\"https:\/\/maywinkelmann.com\/boligteksten\/#\/schema\/logo\/image\/\",\"url\":\"https:\/\/maywinkelmann.com\/boligteksten\/wp-content\/uploads\/2022\/06\/boliglogo.png\",\"contentUrl\":\"https:\/\/maywinkelmann.com\/boligteksten\/wp-content\/uploads\/2022\/06\/boliglogo.png\",\"width\":432,\"height\":550,\"caption\":\"Boligteksten\"},\"image\":{\"@id\":\"https:\/\/maywinkelmann.com\/boligteksten\/#\/schema\/logo\/image\/\"},\"sameAs\":[\"https:\/\/www.facebook.com\/may.winkelmann\/\",\"https:\/\/www.instagram.com\/gurusandheroines\/\"]}]}<\/script>\n<!-- \/ Yoast SEO plugin. -->","yoast_head_json":{"title":"Boligtekster, der giver lige d\u00e9t ekstra til dit salg - BOLIGTEKSTEN","description":"BOLIGTEKSTEN - Letl\u00e6selige og velskrevne boligtekster binder din boligannonce sammen, s\u00e5 den er overskuelig og informativ. Priser fra 480,-.","robots":{"index":"index","follow":"follow","max-snippet":"max-snippet:-1","max-image-preview":"max-image-preview:large","max-video-preview":"max-video-preview:-1"},"canonical":"https:\/\/maywinkelmann.com\/boligteksten\/","og_locale":"da_DK","og_type":"article","og_title":"Boligtekster, der giver lige d\u00e9t ekstra til dit salg - BOLIGTEKSTEN","og_description":"Letl\u00e6selige og velskrevne boligtekster binder din boligannonce sammen, s\u00e5 den er overskuelig, sammenh\u00e6ngende og informativ. Priser fra 480,-.","og_url":"https:\/\/maywinkelmann.com\/boligteksten\/","og_site_name":"BOLIGTEKSTEN","article_publisher":"https:\/\/www.facebook.com\/may.winkelmann\/","article_modified_time":"2025-10-18T00:55:55+00:00","og_image":[{"width":1773,"height":331,"url":"https:\/\/maywinkelmann.com\/boligteksten\/wp-content\/uploads\/2022\/05\/cropped-Group-7.png","type":"image\/png"}],"twitter_card":"summary_large_image","twitter_title":"Boligtekster, der giver lige d\u00e9t ekstra til dit salg - BOLIGTEKSTEN","twitter_description":"Letl\u00e6selige og velskrevne boligtekster binder din boligannonce sammen, s\u00e5 den er overskuelig, sammenh\u00e6ngende og informativ. Priser fra 480,-.","twitter_image":"https:\/\/maywinkelmann.com\/boligteksten\/wp-content\/uploads\/2022\/05\/cropped-Group-7.png","twitter_misc":{"Estimeret l\u00e6setid":"5 minutter"},"schema":{"@context":"https:\/\/schema.org","@graph":[{"@type":"WebPage","@id":"https:\/\/maywinkelmann.com\/boligteksten\/","url":"https:\/\/maywinkelmann.com\/boligteksten\/","name":"Boligtekster, der giver lige d\u00e9t ekstra til dit salg - BOLIGTEKSTEN","isPartOf":{"@id":"https:\/\/maywinkelmann.com\/boligteksten\/#website"},"primaryImageOfPage":{"@id":"https:\/\/maywinkelmann.com\/boligteksten\/#primaryimage"},"image":{"@id":"https:\/\/maywinkelmann.com\/boligteksten\/#primaryimage"},"thumbnailUrl":"https:\/\/maywinkelmann.com\/boligteksten\/wp-content\/uploads\/2023\/03\/Boligtekster.png","datePublished":"2022-12-26T22:24:23+00:00","dateModified":"2025-10-18T00:55:55+00:00","description":"BOLIGTEKSTEN - Letl\u00e6selige og velskrevne boligtekster binder din boligannonce sammen, s\u00e5 den er overskuelig og informativ. Priser fra 480,-.","breadcrumb":{"@id":"https:\/\/maywinkelmann.com\/boligteksten\/#breadcrumb"},"inLanguage":"da-DK","potentialAction":[{"@type":"ReadAction","target":["https:\/\/maywinkelmann.com\/boligteksten\/"]}]},{"@type":"ImageObject","inLanguage":"da-DK","@id":"https:\/\/maywinkelmann.com\/boligteksten\/#primaryimage","url":"https:\/\/maywinkelmann.com\/boligteksten\/wp-content\/uploads\/2023\/03\/Boligtekster.png","contentUrl":"https:\/\/maywinkelmann.com\/boligteksten\/wp-content\/uploads\/2023\/03\/Boligtekster.png","width":300,"height":300},{"@type":"BreadcrumbList","@id":"https:\/\/maywinkelmann.com\/boligteksten\/#breadcrumb","itemListElement":[{"@type":"ListItem","position":1,"name":"Hjem","item":"https:\/\/maywinkelmann.com\/boligteksten\/"},{"@type":"ListItem","position":2,"name":"BOLIGTEKSTEN"}]},{"@type":"WebSite","@id":"https:\/\/maywinkelmann.com\/boligteksten\/#website","url":"https:\/\/maywinkelmann.com\/boligteksten\/","name":"BOLIGTEKSTEN","description":"- giver lige d\u00e9t ekstra til dit salg","publisher":{"@id":"https:\/\/maywinkelmann.com\/boligteksten\/#organization"},"potentialAction":[{"@type":"SearchAction","target":{"@type":"EntryPoint","urlTemplate":"https:\/\/maywinkelmann.com\/boligteksten\/?s={search_term_string}"},"query-input":{"@type":"PropertyValueSpecification","valueRequired":true,"valueName":"search_term_string"}}],"inLanguage":"da-DK"},{"@type":"Organization","@id":"https:\/\/maywinkelmann.com\/boligteksten\/#organization","name":"Boligteksten","url":"https:\/\/maywinkelmann.com\/boligteksten\/","logo":{"@type":"ImageObject","inLanguage":"da-DK","@id":"https:\/\/maywinkelmann.com\/boligteksten\/#\/schema\/logo\/image\/","url":"https:\/\/maywinkelmann.com\/boligteksten\/wp-content\/uploads\/2022\/06\/boliglogo.png","contentUrl":"https:\/\/maywinkelmann.com\/boligteksten\/wp-content\/uploads\/2022\/06\/boliglogo.png","width":432,"height":550,"caption":"Boligteksten"},"image":{"@id":"https:\/\/maywinkelmann.com\/boligteksten\/#\/schema\/logo\/image\/"},"sameAs":["https:\/\/www.facebook.com\/may.winkelmann\/","https:\/\/www.instagram.com\/gurusandheroines\/"]}]}},"_links":{"self":[{"href":"https:\/\/maywinkelmann.com\/boligteksten\/wp-json\/wp\/v2\/pages\/3165","targetHints":{"allow":["GET"]}}],"collection":[{"href":"https:\/\/maywinkelmann.com\/boligteksten\/wp-json\/wp\/v2\/pages"}],"about":[{"href":"https:\/\/maywinkelmann.com\/boligteksten\/wp-json\/wp\/v2\/types\/page"}],"author":[{"embeddable":true,"href":"https:\/\/maywinkelmann.com\/boligteksten\/wp-json\/wp\/v2\/users\/2"}],"replies":[{"embeddable":true,"href":"https:\/\/maywinkelmann.com\/boligteksten\/wp-json\/wp\/v2\/comments?post=3165"}],"version-history":[{"count":857,"href":"https:\/\/maywinkelmann.com\/boligteksten\/wp-json\/wp\/v2\/pages\/3165\/revisions"}],"predecessor-version":[{"id":5166,"href":"https:\/\/maywinkelmann.com\/boligteksten\/wp-json\/wp\/v2\/pages\/3165\/revisions\/5166"}],"wp:featuredmedia":[{"embeddable":true,"href":"https:\/\/maywinkelmann.com\/boligteksten\/wp-json\/wp\/v2\/media\/4067"}],"wp:attachment":[{"href":"https:\/\/maywinkelmann.com\/boligteksten\/wp-json\/wp\/v2\/media?parent=3165"}],"curies":[{"name":"wp","href":"https:\/\/api.w.org\/{rel}","templated":true}]}}